{"id":611,"date":"2023-01-06T15:26:33","date_gmt":"2023-01-06T14:26:33","guid":{"rendered":"https:\/\/www.mansfelderhof.de\/?page_id=611"},"modified":"2023-01-08T10:15:58","modified_gmt":"2023-01-08T09:15:58","slug":"hotelgeschichte","status":"publish","type":"page","link":"https:\/\/www.mansfelderhof.de\/?page_id=611","title":{"rendered":"Hotelgeschichte"},"content":{"rendered":"\t\t<div data-elementor-type=\"wp-page\" data-elementor-id=\"611\" class=\"elementor elementor-611\">\n\t\t\t\t\t\t<section class=\"elementor-section elementor-top-section elementor-element elementor-element-34d558c elementor-section-full_width elementor-section-height-default elementor-section-height-default\" data-id=\"34d558c\" data-element_type=\"section\">\n\t\t\t\t\t\t<div class=\"elementor-container elementor-column-gap-default\">\n\t\t\t\t\t<div class=\"elementor-column elementor-col-100 elementor-top-column elementor-element elementor-element-b5c02e2\" data-id=\"b5c02e2\" data-element_type=\"column\">\n\t\t\t<div class=\"elementor-widget-wrap elementor-element-populated\">\n\t\t\t\t\t\t<div class=\"elementor-element elementor-element-f8173a8 elementor-widget-divider--view-line_text elementor-widget-divider--element-align-center elementor-widget elementor-widget-divider\" data-id=\"f8173a8\" data-element_type=\"widget\" data-widget_type=\"divider.default\">\n\t\t\t\t<div class=\"elementor-widget-container\">\n\t\t\t<style>\/*! elementor - v3.23.0 - 05-08-2024 *\/\n.elementor-widget-divider{--divider-border-style:none;--divider-border-width:1px;--divider-color:#0c0d0e;--divider-icon-size:20px;--divider-element-spacing:10px;--divider-pattern-height:24px;--divider-pattern-size:20px;--divider-pattern-url:none;--divider-pattern-repeat:repeat-x}.elementor-widget-divider .elementor-divider{display:flex}.elementor-widget-divider .elementor-divider__text{font-size:15px;line-height:1;max-width:95%}.elementor-widget-divider .elementor-divider__element{margin:0 var(--divider-element-spacing);flex-shrink:0}.elementor-widget-divider .elementor-icon{font-size:var(--divider-icon-size)}.elementor-widget-divider .elementor-divider-separator{display:flex;margin:0;direction:ltr}.elementor-widget-divider--view-line_icon .elementor-divider-separator,.elementor-widget-divider--view-line_text .elementor-divider-separator{align-items:center}.elementor-widget-divider--view-line_icon .elementor-divider-separator:after,.elementor-widget-divider--view-line_icon .elementor-divider-separator:before,.elementor-widget-divider--view-line_text .elementor-divider-separator:after,.elementor-widget-divider--view-line_text .elementor-divider-separator:before{display:block;content:\"\";border-block-end:0;flex-grow:1;border-block-start:var(--divider-border-width) var(--divider-border-style) var(--divider-color)}.elementor-widget-divider--element-align-left .elementor-divider .elementor-divider-separator>.elementor-divider__svg:first-of-type{flex-grow:0;flex-shrink:100}.elementor-widget-divider--element-align-left .elementor-divider-separator:before{content:none}.elementor-widget-divider--element-align-left .elementor-divider__element{margin-left:0}.elementor-widget-divider--element-align-right .elementor-divider .elementor-divider-separator>.elementor-divider__svg:last-of-type{flex-grow:0;flex-shrink:100}.elementor-widget-divider--element-align-right .elementor-divider-separator:after{content:none}.elementor-widget-divider--element-align-right .elementor-divider__element{margin-right:0}.elementor-widget-divider--element-align-start .elementor-divider .elementor-divider-separator>.elementor-divider__svg:first-of-type{flex-grow:0;flex-shrink:100}.elementor-widget-divider--element-align-start .elementor-divider-separator:before{content:none}.elementor-widget-divider--element-align-start .elementor-divider__element{margin-inline-start:0}.elementor-widget-divider--element-align-end .elementor-divider .elementor-divider-separator>.elementor-divider__svg:last-of-type{flex-grow:0;flex-shrink:100}.elementor-widget-divider--element-align-end .elementor-divider-separator:after{content:none}.elementor-widget-divider--element-align-end .elementor-divider__element{margin-inline-end:0}.elementor-widget-divider:not(.elementor-widget-divider--view-line_text):not(.elementor-widget-divider--view-line_icon) .elementor-divider-separator{border-block-start:var(--divider-border-width) var(--divider-border-style) var(--divider-color)}.elementor-widget-divider--separator-type-pattern{--divider-border-style:none}.elementor-widget-divider--separator-type-pattern.elementor-widget-divider--view-line .elementor-divider-separator,.elementor-widget-divider--separator-type-pattern:not(.elementor-widget-divider--view-line) .elementor-divider-separator:after,.elementor-widget-divider--separator-type-pattern:not(.elementor-widget-divider--view-line) .elementor-divider-separator:before,.elementor-widget-divider--separator-type-pattern:not([class*=elementor-widget-divider--view]) .elementor-divider-separator{width:100%;min-height:var(--divider-pattern-height);-webkit-mask-size:var(--divider-pattern-size) 100%;mask-size:var(--divider-pattern-size) 100%;-webkit-mask-repeat:var(--divider-pattern-repeat);mask-repeat:var(--divider-pattern-repeat);background-color:var(--divider-color);-webkit-mask-image:var(--divider-pattern-url);mask-image:var(--divider-pattern-url)}.elementor-widget-divider--no-spacing{--divider-pattern-size:auto}.elementor-widget-divider--bg-round{--divider-pattern-repeat:round}.rtl .elementor-widget-divider .elementor-divider__text{direction:rtl}.e-con-inner>.elementor-widget-divider,.e-con>.elementor-widget-divider{width:var(--container-widget-width,100%);--flex-grow:var(--container-widget-flex-grow)}<\/style>\t\t<div class=\"elementor-divider\">\n\t\t\t<span class=\"elementor-divider-separator\">\n\t\t\t\t\t\t\t<span class=\"elementor-divider__text elementor-divider__element\">\n\t\t\t\tAus der Geschichte des Mansfelder Hofes\t\t\t\t<\/span>\n\t\t\t\t\t\t<\/span>\n\t\t<\/div>\n\t\t\t\t<\/div>\n\t\t\t\t<\/div>\n\t\t\t\t\t<\/div>\n\t\t<\/div>\n\t\t\t\t\t<\/div>\n\t\t<\/section>\n\t\t\t\t<section class=\"elementor-section elementor-top-section elementor-element elementor-element-28c5505 elementor-section-full_width elementor-section-height-default elementor-section-height-default\" data-id=\"28c5505\" data-element_type=\"section\">\n\t\t\t\t\t\t<div class=\"elementor-container elementor-column-gap-default\">\n\t\t\t\t\t<div class=\"elementor-column elementor-col-100 elementor-top-column elementor-element elementor-element-bab078d\" data-id=\"bab078d\" data-element_type=\"column\">\n\t\t\t<div class=\"elementor-widget-wrap elementor-element-populated\">\n\t\t\t\t\t\t<section class=\"elementor-section elementor-inner-section elementor-element elementor-element-2fb8860 elementor-section-full_width elementor-section-height-default elementor-section-height-default\" data-id=\"2fb8860\" data-element_type=\"section\">\n\t\t\t\t\t\t<div class=\"elementor-container elementor-column-gap-default\">\n\t\t\t\t\t<div class=\"elementor-column elementor-col-33 elementor-inner-column elementor-element elementor-element-262b4b3\" data-id=\"262b4b3\" data-element_type=\"column\">\n\t\t\t<div class=\"elementor-widget-wrap\">\n\t\t\t\t\t\t\t<\/div>\n\t\t<\/div>\n\t\t\t\t<div class=\"elementor-column elementor-col-33 elementor-inner-column elementor-element elementor-element-adae83c\" data-id=\"adae83c\" data-element_type=\"column\">\n\t\t\t<div class=\"elementor-widget-wrap elementor-element-populated\">\n\t\t\t\t\t\t<div class=\"elementor-element elementor-element-14e2d81 elementor-widget elementor-widget-heading\" data-id=\"14e2d81\" data-element_type=\"widget\" data-widget_type=\"heading.default\">\n\t\t\t\t<div class=\"elementor-widget-container\">\n\t\t\t<style>\/*! elementor - v3.23.0 - 05-08-2024 *\/\n.elementor-heading-title{padding:0;margin:0;line-height:1}.elementor-widget-heading .elementor-heading-title[class*=elementor-size-]>a{color:inherit;font-size:inherit;line-height:inherit}.elementor-widget-heading .elementor-heading-title.elementor-size-small{font-size:15px}.elementor-widget-heading .elementor-heading-title.elementor-size-medium{font-size:19px}.elementor-widget-heading .elementor-heading-title.elementor-size-large{font-size:29px}.elementor-widget-heading .elementor-heading-title.elementor-size-xl{font-size:39px}.elementor-widget-heading .elementor-heading-title.elementor-size-xxl{font-size:59px}<\/style><h2 class=\"elementor-heading-title elementor-size-default\">Seit 1854 in Eisleben \u00b7 Hotel Mansfelder Hof<\/h2>\t\t<\/div>\n\t\t\t\t<\/div>\n\t\t\t\t\t<\/div>\n\t\t<\/div>\n\t\t\t\t<div class=\"elementor-column elementor-col-33 elementor-inner-column elementor-element elementor-element-02e5935\" data-id=\"02e5935\" data-element_type=\"column\">\n\t\t\t<div class=\"elementor-widget-wrap\">\n\t\t\t\t\t\t\t<\/div>\n\t\t<\/div>\n\t\t\t\t\t<\/div>\n\t\t<\/section>\n\t\t\t\t\t<\/div>\n\t\t<\/div>\n\t\t\t\t\t<\/div>\n\t\t<\/section>\n\t\t\t\t<section class=\"elementor-section elementor-top-section elementor-element elementor-element-855719a elementor-section-boxed elementor-section-height-default elementor-section-height-default\" data-id=\"855719a\" data-element_type=\"section\">\n\t\t\t\t\t\t<div class=\"elementor-container elementor-column-gap-default\">\n\t\t\t\t\t<div class=\"elementor-column elementor-col-100 elementor-top-column elementor-element elementor-element-caa0068\" data-id=\"caa0068\" data-element_type=\"column\">\n\t\t\t<div class=\"elementor-widget-wrap elementor-element-populated\">\n\t\t\t\t\t\t<section class=\"elementor-section elementor-inner-section elementor-element elementor-element-a6fa15b elementor-section-boxed elementor-section-height-default elementor-section-height-default\" data-id=\"a6fa15b\" data-element_type=\"section\">\n\t\t\t\t\t\t<div class=\"elementor-container elementor-column-gap-default\">\n\t\t\t\t\t<div class=\"elementor-column elementor-col-50 elementor-inner-column elementor-element elementor-element-6f1bd8a\" data-id=\"6f1bd8a\" data-element_type=\"column\">\n\t\t\t<div class=\"elementor-widget-wrap elementor-element-populated\">\n\t\t\t\t\t\t<div class=\"elementor-element elementor-element-c644b55 elementor-widget elementor-widget-heading\" data-id=\"c644b55\" data-element_type=\"widget\" data-widget_type=\"heading.default\">\n\t\t\t\t<div class=\"elementor-widget-container\">\n\t\t\t<h2 class=\"elementor-heading-title elementor-size-default\">Der Mansfelder Hof im Wandel der Zeit<\/h2>\t\t<\/div>\n\t\t\t\t<\/div>\n\t\t\t\t<div class=\"elementor-element elementor-element-e6fc231 elementor-widget elementor-widget-image\" data-id=\"e6fc231\" data-element_type=\"widget\" data-widget_type=\"image.default\">\n\t\t\t\t<div class=\"elementor-widget-container\">\n\t\t\t<style>\/*! elementor - v3.23.0 - 05-08-2024 *\/\n.elementor-widget-image{text-align:center}.elementor-widget-image a{display:inline-block}.elementor-widget-image a img[src$=\".svg\"]{width:48px}.elementor-widget-image img{vertical-align:middle;display:inline-block}<\/style>\t\t\t\t\t\t\t\t\t\t<img fetchpriority=\"high\" decoding=\"async\" width=\"1024\" height=\"777\" src=\"https:\/\/www.mansfelderhof.de\/wp-content\/uploads\/2023\/01\/hof1-1024x777.png\" class=\"attachment-large size-large wp-image-635\" alt=\"\" srcset=\"https:\/\/www.mansfelderhof.de\/wp-content\/uploads\/2023\/01\/hof1-1024x777.png 1024w, https:\/\/www.mansfelderhof.de\/wp-content\/uploads\/2023\/01\/hof1-e1673168846753-300x228.png 300w, https:\/\/www.mansfelderhof.de\/wp-content\/uploads\/2023\/01\/hof1-e1673168846753-768x583.png 768w, https:\/\/www.mansfelderhof.de\/wp-content\/uploads\/2023\/01\/hof1-1536x1165.png 1536w, https:\/\/www.mansfelderhof.de\/wp-content\/uploads\/2023\/01\/hof1-2048x1553.png 2048w, https:\/\/www.mansfelderhof.de\/wp-content\/uploads\/2023\/01\/hof1-e1673168846753.png 800w\" sizes=\"(max-width: 1024px) 100vw, 1024px\" \/>\t\t\t\t\t\t\t\t\t\t\t\t\t<\/div>\n\t\t\t\t<\/div>\n\t\t\t\t<div class=\"elementor-element elementor-element-90da529 elementor-widget elementor-widget-heading\" data-id=\"90da529\" data-element_type=\"widget\" data-widget_type=\"heading.default\">\n\t\t\t\t<div class=\"elementor-widget-container\">\n\t\t\t<h4 class=\"elementor-heading-title elementor-size-default\">Gasthof Neuer\u00f6ffnung<\/h4>\t\t<\/div>\n\t\t\t\t<\/div>\n\t\t\t\t<div class=\"elementor-element elementor-element-2dfce8b elementor-widget elementor-widget-text-editor\" data-id=\"2dfce8b\" data-element_type=\"widget\" data-widget_type=\"text-editor.default\">\n\t\t\t\t<div class=\"elementor-widget-container\">\n\t\t\t<style>\/*! elementor - v3.23.0 - 05-08-2024 *\/\n.elementor-widget-text-editor.elementor-drop-cap-view-stacked .elementor-drop-cap{background-color:#69727d;color:#fff}.elementor-widget-text-editor.elementor-drop-cap-view-framed .elementor-drop-cap{color:#69727d;border:3px solid;background-color:transparent}.elementor-widget-text-editor:not(.elementor-drop-cap-view-default) .elementor-drop-cap{margin-top:8px}.elementor-widget-text-editor:not(.elementor-drop-cap-view-default) .elementor-drop-cap-letter{width:1em;height:1em}.elementor-widget-text-editor .elementor-drop-cap{float:left;text-align:center;line-height:1;font-size:50px}.elementor-widget-text-editor .elementor-drop-cap-letter{display:inline-block}<\/style>\t\t\t\t<p>Aus der Geschichte des Mansfelder Hof in Eisleben.<br>Der Bau des Mansfelder Hofes war ein Erfordernis seiner Zeit, denn die in Eisleben vorhandenen S\u00e4le reichten nicht mehr aus und waren in Gr\u00f6\u00dfe und Einrichtung nicht mehr zeitgem\u00e4\u00df.<span style=\"font-style: inherit; font-weight: inherit; color: var( --e-global-color-astglobalcolor1 ); font-family: var( --e-global-typography-text-font-family ), Sans-serif; background-color: var( --e-global-color-1245b7b );\">&nbsp;<\/span><\/p>\n<p><span style=\"font-style: inherit; font-weight: inherit; color: var( --e-global-color-astglobalcolor1 ); font-family: var( --e-global-typography-text-font-family ), Sans-serif; background-color: var( --e-global-color-1245b7b );\">Am 06.Dezember 1854 erschien im &#8222;Kreisblatt f\u00fcr den Mansfelder Seenkreis&#8220; die Er\u00f6ffnungsanzeige:<\/span><\/p>\n<p><span style=\"font-style: inherit; font-weight: inherit; color: var( --e-global-color-astglobalcolor1 ); font-family: var( --e-global-typography-text-font-family ), Sans-serif; background-color: var( --e-global-color-1245b7b );\">Gasthofs-Neuer\u00f6ffnung<\/span><\/p>\n<p>Umgehend erlaubt sich der Unterzeichnende ergebenst zu benachrichtigen das derselbe seinen hier, dicht am Halleschen Thore Gasthof und Restauration Mannsfelder Hof er\u00f6ffnet hat.&nbsp; &nbsp; &#8211;&nbsp;&nbsp;<span style=\"font-style: inherit; font-weight: inherit; color: var( --e-global-color-astglobalcolor1 ); font-family: var( --e-global-typography-text-font-family ), Sans-serif; background-color: var( --e-global-color-1245b7b );\">Adolph B\u00f6ttger &#8211;<\/span><\/p>\n<p>Die erste Vorstellung in dem f\u00fcr die damaligen Verh\u00e4ltnisse \u00e4u\u00dferst pr\u00e4chtig ausgestatteten Saal veranstaltete der ber\u00fchmte Seilt\u00e4nzer Wilhlem Kroner mit seiner Seiltanzgruppe.<br>In der Wintersaison hielt sich hier eine st\u00e4ndige Theater- und Operngesellschaft auf. Ber\u00fchmte Pers\u00f6nlichkeiten waren damals u.a. die Primadonnen Wieworska und Papazeck.<br>Der Saal des Mansfelder Hofes war lange Zeit der bevorzugte Ort f\u00fcr \u00f6ffentliche und private Feiern. In der Gastst\u00e4tte verkehrten zahlreiche Gesellschaften, wie die B\u00fcrgergesellschaft, Handwerker-Liedertafel, der Bergmanns-Gesangverein und Volksliedertafel.<br>Am 1. August 1914, kurz vor Ausbruch des ersten Weltkrieges , hatte der Mobilmachungsausschuss beschlossen, das alle gro\u00dfen Gastst\u00e4tten in Eisleben von der Heeresverwaltung beschlagnahmt und zu Lazaretten eingerichtet wurden.<\/p>\t\t\t\t\t\t<\/div>\n\t\t\t\t<\/div>\n\t\t\t\t\t<\/div>\n\t\t<\/div>\n\t\t\t\t<div class=\"elementor-column elementor-col-50 elementor-inner-column elementor-element elementor-element-734c80e\" data-id=\"734c80e\" data-element_type=\"column\">\n\t\t\t<div class=\"elementor-widget-wrap elementor-element-populated\">\n\t\t\t\t\t\t<div class=\"elementor-element elementor-element-da3bfc3 elementor-widget elementor-widget-text-editor\" data-id=\"da3bfc3\" data-element_type=\"widget\" data-widget_type=\"text-editor.default\">\n\t\t\t\t<div class=\"elementor-widget-container\">\n\t\t\t\t\t\t\t<p>In den Folgejahren \u00e4nderten sich mehrmals die Namen des Mansfelder Hofes, so ab 1922 &#8222;Kreislandbundhaus&#8220;, 1931 in &#8222;Landbundhaus&#8220;. 1934 hie\u00df das Haus &#8222;Bauernheim&#8220;. Ab 10. September 1945 erhielt das Haus seinen urspr\u00fcnglichen Namen &#8222;Mansfelder Hof&#8220; zur\u00fcck. <br \/>1949 ging der Mansfelder Hof in staatliches Eigentum \u00fcber und wurde bis 1989 durch die Handelsorganisation (HO) betrieben. W\u00e4hrend dieser Zeit wurde das Haus mehrfach umfangreich umgebaut und saniert.<br \/>Der Mansfelder Hof war das erste Haus am Platz. Prominenz aus Kultur, Politik und Gesellschaft fanden sich ein. So waren Eva Maria Hagen, Manfred Krug, Walter Ulbricht, Wilhelm Pieck hier zu Gast.<br \/>Betriebsfeiern, Familienfeiern, Veranstaltungen der SED fanden im Restaurant und im Saal statt. Regelm\u00e4\u00dfig gab es Tanzveranstaltungen im Mansfelder Hof.<br \/>Zu dieser Zeit waren mehr als 50 Mitarbeiter im Haus besch\u00e4ftigt.<br \/>Nach 1990 wurde der Mansfelder Hof verpachtet,\u00a0 1993 an die P\u00e4chter (ehemalige Mitarbeiter) verkauft, welche das Hotel und Restaurant von nun an bewirtschafteten.<\/p>\t\t\t\t\t\t<\/div>\n\t\t\t\t<\/div>\n\t\t\t\t<div class=\"elementor-element elementor-element-c5ff582 elementor-widget elementor-widget-image\" data-id=\"c5ff582\" data-element_type=\"widget\" data-widget_type=\"image.default\">\n\t\t\t\t<div class=\"elementor-widget-container\">\n\t\t\t\t\t\t\t\t\t\t\t\t\t<img decoding=\"async\" width=\"1024\" height=\"681\" src=\"https:\/\/www.mansfelderhof.de\/wp-content\/uploads\/2023\/01\/hof3-1024x681.png\" class=\"attachment-large size-large wp-image-637\" alt=\"\" srcset=\"https:\/\/www.mansfelderhof.de\/wp-content\/uploads\/2023\/01\/hof3-1024x681.png 1024w, https:\/\/www.mansfelderhof.de\/wp-content\/uploads\/2023\/01\/hof3-300x199.png 300w, https:\/\/www.mansfelderhof.de\/wp-content\/uploads\/2023\/01\/hof3-768x511.png 768w, https:\/\/www.mansfelderhof.de\/wp-content\/uploads\/2023\/01\/hof3-1536x1021.png 1536w, https:\/\/www.mansfelderhof.de\/wp-content\/uploads\/2023\/01\/hof3-2048x1362.png 2048w\" sizes=\"(max-width: 1024px) 100vw, 1024px\" \/>\t\t\t\t\t\t\t\t\t\t\t\t\t<\/div>\n\t\t\t\t<\/div>\n\t\t\t\t<div class=\"elementor-element elementor-element-6676ee5 elementor-widget elementor-widget-text-editor\" data-id=\"6676ee5\" data-element_type=\"widget\" data-widget_type=\"text-editor.default\">\n\t\t\t\t<div class=\"elementor-widget-container\">\n\t\t\t\t\t\t\t<p>1994 bis 1995 wurde das Haus umfangreich umgebaut. Es entstand ein komfortables Hotel mit 32 Zimmern, ansprechenden Restaurant, mehreren Gesellschafts- und Konferenzr\u00e4umen. Des weitern eine Tanzbar, eine Bowlingbahn, und ein festlicher Saal f\u00fcr Empf\u00e4nge, Familienfeiern und gesellschaftliche Anl\u00e4sse sowie ein idyllischer Biergarten mit 60 Pl\u00e4tzen.<br>Heute ist der Mansfelder Hof fester Bestandteil des gesellschaftlichen und kulturellen Lebens in der Lutherstadt Eisleben. G\u00e4ste aus aus Politik, Wirtschaft und Kultur waren und sind bei uns zu Gast. Roman Herzog, Johannes Rau, Helmut Kohl, Ephraim Kishon, Senta Berger, Hannes Waader, Ludwig Hirsch, Frank Zander und viele andere.<br>Die Mitarbeiter des Mansfelder Hofes w\u00fcnsch allen G\u00e4sten des Hauses auch weiterhin angenehme Stunden in unserer gepflegten und famili\u00e4ren Atmosph\u00e4re getreu unserem Motto: Mansfelder Hof &#8211; Gastlichkeit aus Tradition<\/p><p><span style=\"font-style: inherit; font-weight: inherit; color: var( --e-global-color-astglobalcolor1 ); font-family: var( --e-global-typography-text-font-family ), Sans-serif; background-color: var( --e-global-color-1245b7b );\">Quelle: Hotelprospekt von 2004<\/span><\/p>\n<p><br><\/p>\t\t\t\t\t\t<\/div>\n\t\t\t\t<\/div>\n\t\t\t\t\t<\/div>\n\t\t<\/div>\n\t\t\t\t\t<\/div>\n\t\t<\/section>\n\t\t\t\t\t<\/div>\n\t\t<\/div>\n\t\t\t\t\t<\/div>\n\t\t<\/section>\n\t\t\t\t<\/div>\n\t\t","protected":false},"excerpt":{"rendered":"<p>Aus der Geschichte des Mansfelder Hofes Seit 1854 in Eisleben \u00b7 Hotel Mansfelder Hof Der Mansfelder Hof im Wandel der Zeit Gasthof Neuer\u00f6ffnung Aus der Geschichte des Mansfelder Hof in Eisleben.Der Bau des Mansfelder Hofes war ein Erfordernis seiner Zeit, denn die in Eisleben vorhandenen S\u00e4le reichten nicht mehr aus und waren in Gr\u00f6\u00dfe und &hellip;<\/p>\n<p class=\"read-more\"> <a class=\"\" href=\"https:\/\/www.mansfelderhof.de\/?page_id=611\"> <span class=\"screen-reader-text\">Hotelgeschichte<\/span> Weiterlesen &raquo;<\/a><\/p>\n","protected":false},"author":1,"featured_media":0,"parent":0,"menu_order":0,"comment_status":"closed","ping_status":"closed","template":"","meta":{"site-sidebar-layout":"no-sidebar","site-content-layout":"page-builder","ast-global-header-display":"","ast-main-header-display":"","ast-hfb-above-header-display":"","ast-hfb-below-header-display":"","ast-hfb-mobile-header-display":"","site-post-title":"disabled","ast-breadcrumbs-content":"","ast-featured-img":"disabled","footer-sml-layout":"","theme-transparent-header-meta":"","adv-header-id-meta":"","stick-header-meta":"","header-above-stick-meta":"","header-main-stick-meta":"","header-below-stick-meta":"","footnotes":""},"class_list":["post-611","page","type-page","status-publish","hentry"],"_links":{"self":[{"href":"https:\/\/www.mansfelderhof.de\/index.php?rest_route=\/wp\/v2\/pages\/611","targetHints":{"allow":["GET"]}}],"collection":[{"href":"https:\/\/www.mansfelderhof.de\/index.php?rest_route=\/wp\/v2\/pages"}],"about":[{"href":"https:\/\/www.mansfelderhof.de\/index.php?rest_route=\/wp\/v2\/types\/page"}],"author":[{"embeddable":true,"href":"https:\/\/www.mansfelderhof.de\/index.php?rest_route=\/wp\/v2\/users\/1"}],"replies":[{"embeddable":true,"href":"https:\/\/www.mansfelderhof.de\/index.php?rest_route=%2Fwp%2Fv2%2Fcomments&post=611"}],"version-history":[{"count":37,"href":"https:\/\/www.mansfelderhof.de\/index.php?rest_route=\/wp\/v2\/pages\/611\/revisions"}],"predecessor-version":[{"id":662,"href":"https:\/\/www.mansfelderhof.de\/index.php?rest_route=\/wp\/v2\/pages\/611\/revisions\/662"}],"wp:attachment":[{"href":"https:\/\/www.mansfelderhof.de\/index.php?rest_route=%2Fwp%2Fv2%2Fmedia&parent=611"}],"curies":[{"name":"wp","href":"https:\/\/api.w.org\/{rel}","templated":true}]}}